{"id":7,"date":"2017-01-25T23:25:44","date_gmt":"2017-01-25T21:25:44","guid":{"rendered":"https:\/\/schifflaendeniederuster.wordpress.com\/?page_id=3"},"modified":"2017-01-25T23:25:44","modified_gmt":"2017-01-25T21:25:44","slug":"kontakt","status":"publish","type":"page","link":"https:\/\/schifflaende-niederuster.ch\/?page_id=7","title":{"rendered":"Uferweg"},"content":{"rendered":"<h3>Ufernaher Spazierweg und Entflechtung der verschiedenen Verkehrsgruppen<\/h3>\n<p>Durch die geringf\u00fcgige Verschiebung des Uferweges, den Zusammenschluss der beiden Wanderwege entlang dem Ufer und die Verlegung der Buswendeschlaufe kann der gef\u00e4hrliche Verkehrsknoten beim heutigen Kiosk entsch\u00e4rft werden und der Fussg\u00e4ngerbereich wird vom rollenden Verkehr getrennt.<\/p>\n<p>Der heute s\u00fcdlich des Strandbades an einem Gitter endende Strandweg wird entlang dem Ufer weitergef\u00fchrt und mit dem Wanderweg bei der Surferwiese verbunden. Da die Einz\u00e4unung des Strandbades verschwindet und nur noch die Becken selber gesch\u00fctzt sind, wird das Seeufer des Ustermer Seeanstosses ganzj\u00e4hrig zug\u00e4nglich und erlebbar.<\/p>\n","protected":false},"excerpt":{"rendered":"<p>Dies ist nur eine Kurzfassung der Seite&nbsp;\u201eKontakt\u201c. <a href=\"https:\/\/schifflaende-niederuster.ch\/?page_id=7\" class=\"more-link\"><span class=\"screen-reader-text\">Uferweg<\/span> weiterlesen<\/a><\/p>\n","protected":false},"author":2,"featured_media":54,"parent":0,"menu_order":2,"comment_status":"closed","ping_status":"closed","template":"","meta":[],"_links":{"self":[{"href":"https:\/\/schifflaende-niederuster.ch\/index.php?rest_route=\/wp\/v2\/pages\/7"}],"collection":[{"href":"https:\/\/schifflaende-niederuster.ch\/index.php?rest_route=\/wp\/v2\/pages"}],"about":[{"href":"https:\/\/schifflaende-niederuster.ch\/index.php?rest_route=\/wp\/v2\/types\/page"}],"author":[{"embeddable":true,"href":"https:\/\/schifflaende-niederuster.ch\/index.php?rest_route=\/wp\/v2\/users\/2"}],"replies":[{"embeddable":true,"href":"https:\/\/schifflaende-niederuster.ch\/index.php?rest_route=%2Fwp%2Fv2%2Fcomments&post=7"}],"version-history":[{"count":0,"href":"https:\/\/schifflaende-niederuster.ch\/index.php?rest_route=\/wp\/v2\/pages\/7\/revisions"}],"wp:featuredmedia":[{"embeddable":true,"href":"https:\/\/schifflaende-niederuster.ch\/index.php?rest_route=\/wp\/v2\/media\/54"}],"wp:attachment":[{"href":"https:\/\/schifflaende-niederuster.ch\/index.php?rest_route=%2Fwp%2Fv2%2Fmedia&parent=7"}],"curies":[{"name":"wp","href":"https:\/\/api.w.org\/{rel}","templated":true}]}}