{"id":36,"date":"2017-01-25T23:47:44","date_gmt":"2017-01-25T21:47:44","guid":{"rendered":"https:\/\/schifflaendeniederuster.wordpress.com\/?page_id=36"},"modified":"2017-01-25T23:47:44","modified_gmt":"2017-01-25T21:47:44","slug":"richtplan-nein","status":"publish","type":"page","link":"https:\/\/schifflaende-niederuster.ch\/?page_id=36","title":{"rendered":"Richtplan Nein"},"content":{"rendered":"<h3>Der aktuell vorliegende Richtplanentwurf darf nicht umgesetzt werden<\/h3>\n<h5>weil eine raumplanerische Vorarbeit fehlt.<\/h5>\n<p>Eine seri\u00f6se Vorarbeit f\u00fcr einen Richtplan beinhaltet eine Machbarkeitsstudie, die auf einer umfassenden Bed\u00fcrfnisermittlung basiert. F\u00fcr das Variantenstudium w\u00e4re ein Studienauftrag das geeignete Instrument. <!--more--><\/p>\n<h5>weil er die ohnehin schon geringe Nutzfl\u00e4che einschr\u00e4nkt.<\/h5>\n<p>Die Greifenseeschutzverordnung hat sich \u00fcber die Jahre bew\u00e4hrt. Die Ufer des Greifensees sind mehrheitlich gesch\u00fctzt. Nur 7 Prozent stehen f\u00fcr die intensive Nutzung durch Erholungsuchende zur Verf\u00fcgung. Eine Einschr\u00e4nkung der ohnehin geringen Nutzfl\u00e4che schafft ein Ungleichgewicht und erh\u00f6ht dadurch den Druck auf die Schutzzonen und damit auf unsere Natur.<\/p>\n<h5>weil er eine gute Entwicklung der Schiffl\u00e4nde f\u00fcr Jahrzehnte verhindert.<\/h5>\n<p>Uster wirbt mit dem Slogan \u00abWohnstadt am Wasser\u00bb. Der Ustermer Seeanstoss ist jedoch vernachl\u00e4ssigt und kann mit der Entwicklung der Stadt nicht mithalten. Ein \u00abZementieren\u00bb der heutigen Situation verhindert eine ad\u00e4quate Entwicklung auf Jahrzehnte.<\/p>\n<h5>weil er keine Mehrwerte schafft.<\/h5>\n<p>Der Richtplan schafft keinerlei Mehrwerte gegen\u00fcber der heutigen Situation. Er regelt lediglich, was heute schon ist: ein sanierungsbed\u00fcrftiges Strandbad ohne geeigneten Seezugang, Bootspl\u00e4tze, die attraktive Fl\u00e4chen am See besetzen, Infrastrukturbauten die den Bed\u00fcrfnissen der Vereine nicht mehr entsprechen.<\/p>\n<h5>weil er die Anforderung an die Verkehrssicherheit nur ansatzweise l\u00f6st.<\/h5>\n<p>Eine Entflechtung von rollendem Verkehr und den Fussg\u00e4ngern, wie dies das Mobilit\u00e4tskonzept der Greifenseestiftung vorsieht, wird nicht umgesetzt. Lediglich die Verlegung der Buswendeschlaufe bringt eine Verbesserung.<\/p>\n<h5>weil er die Bed\u00fcrfnisse der Vereine nicht ernsthaft ber\u00fccksichtigt.<\/h5>\n<p>Die aktiven Vereine am Greifensee brauchen dringend zeitgem\u00e4sse Infrastrukturen wie Umkleidebereiche und sanit\u00e4re Anlagen, Trainings- und Vereinsr\u00e4ume sowie Lagerfl\u00e4chen f\u00fcr Boote und Ger\u00e4te. Die Grundlage dazu wird mit dem Richtplan nicht geschaffen.<\/p>\n<h5>weil die \u00f6konomische Gesamtbetrachtung fehlt.<\/h5>\n<p>S\u00e4mtliche Bauten an der Schiffl\u00e4nde \u2013 die Wasserfassung ausgenommen \u2013 sind veraltet und sanierungsbed\u00fcrftig. Dies betrifft auch die technischen Anlagen und Kanalisationsleitungen. Der etappenweise Ersatz der heutigen Infrastrukturbauten wird letzlich g\u00fcnstiger als ein aufwendiges Sanieren und Erweitern der maroden Bausubstanz sein. Der R\u00fcckbau des inventarisierten Empfangs- und Umkleidegeb\u00e4udes von 1936 ist vertretbar, da es mit dem Abbruch der seitlichen Garderobenfl\u00fcgel in den Sechzigerjahren seines Charakters beraubt wurde.<\/p>\n<h5>weil er keine angemessene Gastronomie vorsieht.<\/h5>\n<p>Der Richtplan sieht ein Restaurant mit 50 Innen- und 50 Aussenpl\u00e4tzen vor. Zum Vergleich: Der zurzeit vom Werkheim betriebene Kiosk hat 30 Innen- und 60 Aussenpl\u00e4tze. Auch hier wird kein Mehrwert geschaffen.<\/p>\n","protected":false},"excerpt":{"rendered":"<p>blabla <a href=\"https:\/\/schifflaende-niederuster.ch\/?page_id=36\" class=\"more-link\"><span class=\"screen-reader-text\">Richtplan Nein<\/span> weiterlesen<\/a><\/p>\n","protected":false},"author":2,"featured_media":66,"parent":0,"menu_order":0,"comment_status":"closed","ping_status":"closed","template":"","meta":[],"_links":{"self":[{"href":"https:\/\/schifflaende-niederuster.ch\/index.php?rest_route=\/wp\/v2\/pages\/36"}],"collection":[{"href":"https:\/\/schifflaende-niederuster.ch\/index.php?rest_route=\/wp\/v2\/pages"}],"about":[{"href":"https:\/\/schifflaende-niederuster.ch\/index.php?rest_route=\/wp\/v2\/types\/page"}],"author":[{"embeddable":true,"href":"https:\/\/schifflaende-niederuster.ch\/index.php?rest_route=\/wp\/v2\/users\/2"}],"replies":[{"embeddable":true,"href":"https:\/\/schifflaende-niederuster.ch\/index.php?rest_route=%2Fwp%2Fv2%2Fcomments&post=36"}],"version-history":[{"count":0,"href":"https:\/\/schifflaende-niederuster.ch\/index.php?rest_route=\/wp\/v2\/pages\/36\/revisions"}],"wp:featuredmedia":[{"embeddable":true,"href":"https:\/\/schifflaende-niederuster.ch\/index.php?rest_route=\/wp\/v2\/media\/66"}],"wp:attachment":[{"href":"https:\/\/schifflaende-niederuster.ch\/index.php?rest_route=%2Fwp%2Fv2%2Fmedia&parent=36"}],"curies":[{"name":"wp","href":"https:\/\/api.w.org\/{rel}","templated":true}]}}