{"id":31,"date":"2017-01-25T23:43:42","date_gmt":"2017-01-25T21:43:42","guid":{"rendered":"https:\/\/schifflaendeniederuster.wordpress.com\/rechtliche-grundlagen\/"},"modified":"2017-01-25T23:43:42","modified_gmt":"2017-01-25T21:43:42","slug":"rechtliche-grundlagen","status":"publish","type":"page","link":"https:\/\/schifflaende-niederuster.ch\/?page_id=31","title":{"rendered":"Rechtsgrundlagen"},"content":{"rendered":"<h3>Trotz enger rechtlichen Bedingungen ein Optimum erreichen<\/h3>\n<p>Die \u00abGruppe Eisvogel\u00bb hat die Bed\u00fcrfnisse der unterschiedlichen Interessengruppen und der \u00abstillen Nutzer\u00bb dieses einmaligen Naherholungsgebietes sowie die \u00fcbrigen Anforderungen zusammengetragen und analysiert. Dabei wurde festgestellt, dass weit \u00fcber 50 Prozent der Erholungszone B gem\u00e4ss Greifensseeschutzverordnung \u00abprivatisiert\u00bb, also nur f\u00fcr eine eingeschr\u00e4nkte Anzahl Personen zug\u00e4nglich sind. Kein Wunder, wird die teilweise \u00dcberbauung der \u00abSurferwiese\u00bb so intensiv diskutiert.<\/p>\n<p>Hier ist eine kleine Klammer zu \u00f6ffnen: Schon fr\u00fch wurde der Wert des Naturgebietes Greifensee erkannt. Eine Gruppe um den ehemaligen Ustermer Gemeindepr\u00e4sidenten Emil Stadler-Gujer (1922\u201325, 1938\u201348) hatte sich schon in der ersten H\u00e4lfte des 20. Jahrhunderts f\u00fcr den Schutz des Greifensees eingesetzt. Die daraus resultierende kantonale Verordnung zum Schutze des Greifensees von 1941 war eine Errungenschaft der damaligen Zeit und hat massgeblich dazu beigetragen, dass der Greifensee als nat\u00fcrlicher Lebensraum f\u00fcr eine vielseitige Tier- und Pflanzenwelt erhalten blieb.14 km und damit \u00fcber 80 Prozent des Ufers sind gesch\u00fctzt. Nur knapp 3 km sind f\u00fcr die Erholungsuchenden zug\u00e4nglich. Nur 7 Prozent des Ufers stehen f\u00fcr Infrastrukturbauten zur Verf\u00fcgung.<\/p>\n","protected":false},"excerpt":{"rendered":"<p>Trotz enger rechtlichen Bedingungen ein Optimum erreichen Die \u00abGruppe Eisvogel\u00bb hat die Bed\u00fcrfnisse der unterschiedlichen Interessengruppen und der \u00abstillen Nutzer\u00bb dieses einmaligen Naherholungsgebietes sowie die \u00fcbrigen Anforderungen zusammengetragen und analysiert. Dabei wurde festgestellt, dass weit \u00fcber 50 Prozent der Erholungszone B gem\u00e4ss Greifensseeschutzverordnung \u00abprivatisiert\u00bb, also nur f\u00fcr eine eingeschr\u00e4nkte Anzahl Personen zug\u00e4nglich sind. Kein Wunder, &hellip; <a href=\"https:\/\/schifflaende-niederuster.ch\/?page_id=31\" class=\"more-link\"><span class=\"screen-reader-text\">Rechtsgrundlagen<\/span> weiterlesen<\/a><\/p>\n","protected":false},"author":2,"featured_media":67,"parent":0,"menu_order":0,"comment_status":"closed","ping_status":"closed","template":"","meta":[],"_links":{"self":[{"href":"https:\/\/schifflaende-niederuster.ch\/index.php?rest_route=\/wp\/v2\/pages\/31"}],"collection":[{"href":"https:\/\/schifflaende-niederuster.ch\/index.php?rest_route=\/wp\/v2\/pages"}],"about":[{"href":"https:\/\/schifflaende-niederuster.ch\/index.php?rest_route=\/wp\/v2\/types\/page"}],"author":[{"embeddable":true,"href":"https:\/\/schifflaende-niederuster.ch\/index.php?rest_route=\/wp\/v2\/users\/2"}],"replies":[{"embeddable":true,"href":"https:\/\/schifflaende-niederuster.ch\/index.php?rest_route=%2Fwp%2Fv2%2Fcomments&post=31"}],"version-history":[{"count":0,"href":"https:\/\/schifflaende-niederuster.ch\/index.php?rest_route=\/wp\/v2\/pages\/31\/revisions"}],"wp:featuredmedia":[{"embeddable":true,"href":"https:\/\/schifflaende-niederuster.ch\/index.php?rest_route=\/wp\/v2\/media\/67"}],"wp:attachment":[{"href":"https:\/\/schifflaende-niederuster.ch\/index.php?rest_route=%2Fwp%2Fv2%2Fmedia&parent=31"}],"curies":[{"name":"wp","href":"https:\/\/api.w.org\/{rel}","templated":true}]}}