{"id":29,"date":"2017-01-25T23:42:41","date_gmt":"2017-01-25T21:42:41","guid":{"rendered":"https:\/\/schifflaendeniederuster.wordpress.com\/?page_id=29"},"modified":"2017-01-25T23:42:41","modified_gmt":"2017-01-25T21:42:41","slug":"facts","status":"publish","type":"page","link":"https:\/\/schifflaende-niederuster.ch\/?page_id=29","title":{"rendered":"Facts"},"content":{"rendered":"<h4>Mit wenigen Anpassungen eine geeigenete L\u00f6sung finden<\/h4>\n<p>S\u00e4mtliche Bauten an der Schiffl\u00e4nde \u2013 die Wasserfassung ausgenommen \u2013 sind veraltet und sanierungsbed\u00fcrftig. Dies betrifft auch die technischen Anlagen und Kanalisationsleitungen. Der etappenweise Ersatz der heutigen Infrastrukturbauten wird letzlich g\u00fcnstiger als ein aufwendiges Sanieren und Erweitern der maroden Bausubstanz sein.<\/p>\n<p>Der R\u00fcckbau des inventarisierten Empfangs- und Umkleidegeb\u00e4udes von 1936 ist vertretbar, da es mit dem Abbruch der seitlichen Garderobenfl\u00fcgel in den Sechzigerjahren seines Charakters beraubt wurde.<\/p>\n","protected":false},"excerpt":{"rendered":"<p>Mit wenigen Anpassungen eine geeigenete L\u00f6sung finden S\u00e4mtliche Bauten an der Schiffl\u00e4nde \u2013 die Wasserfassung ausgenommen \u2013 sind veraltet und sanierungsbed\u00fcrftig. Dies betrifft auch die technischen Anlagen und Kanalisationsleitungen. Der etappenweise Ersatz der heutigen Infrastrukturbauten wird letzlich g\u00fcnstiger als ein aufwendiges Sanieren und Erweitern der maroden Bausubstanz sein. Der R\u00fcckbau des inventarisierten Empfangs- und Umkleidegeb\u00e4udes &hellip; <a href=\"https:\/\/schifflaende-niederuster.ch\/?page_id=29\" class=\"more-link\"><span class=\"screen-reader-text\">Facts<\/span> weiterlesen<\/a><\/p>\n","protected":false},"author":2,"featured_media":68,"parent":0,"menu_order":0,"comment_status":"closed","ping_status":"closed","template":"","meta":[],"_links":{"self":[{"href":"https:\/\/schifflaende-niederuster.ch\/index.php?rest_route=\/wp\/v2\/pages\/29"}],"collection":[{"href":"https:\/\/schifflaende-niederuster.ch\/index.php?rest_route=\/wp\/v2\/pages"}],"about":[{"href":"https:\/\/schifflaende-niederuster.ch\/index.php?rest_route=\/wp\/v2\/types\/page"}],"author":[{"embeddable":true,"href":"https:\/\/schifflaende-niederuster.ch\/index.php?rest_route=\/wp\/v2\/users\/2"}],"replies":[{"embeddable":true,"href":"https:\/\/schifflaende-niederuster.ch\/index.php?rest_route=%2Fwp%2Fv2%2Fcomments&post=29"}],"version-history":[{"count":0,"href":"https:\/\/schifflaende-niederuster.ch\/index.php?rest_route=\/wp\/v2\/pages\/29\/revisions"}],"wp:featuredmedia":[{"embeddable":true,"href":"https:\/\/schifflaende-niederuster.ch\/index.php?rest_route=\/wp\/v2\/media\/68"}],"wp:attachment":[{"href":"https:\/\/schifflaende-niederuster.ch\/index.php?rest_route=%2Fwp%2Fv2%2Fmedia&parent=29"}],"curies":[{"name":"wp","href":"https:\/\/api.w.org\/{rel}","templated":true}]}}