{"id":26,"date":"2017-01-25T23:41:11","date_gmt":"2017-01-25T21:41:11","guid":{"rendered":"https:\/\/schifflaendeniederuster.wordpress.com\/?page_id=26"},"modified":"2017-01-25T23:41:11","modified_gmt":"2017-01-25T21:41:11","slug":"eventwiese","status":"publish","type":"page","link":"https:\/\/schifflaende-niederuster.ch\/?page_id=26","title":{"rendered":"Eventwiese"},"content":{"rendered":"<h3>Eventwiese \u2013 ein zentraler Ort f\u00fcr unterschiedliche Anl\u00e4sse<\/h3>\n<p>Der heute unwirtliche Bereich zwischen dem k\u00fcnftigen Schiffl\u00e4ndeplatz und der Wasserfassung wird zur Eventwiese. Hier k\u00f6nnen die Infrastrukturen f\u00fcr die verschiedene Anl\u00e4sse wie See\u00fcberquerung, Egli-Essen, Regatten, etc. platziert werden. In der meisten Zeit dient sie aber als Liege- und Spielwiese und entlastet so die Surferwiese. Eine Seeterrasse erm\u00f6glicht den Passanten den Blick aufs Wasser und das Geschehen der Wassersportler.<\/p>\n","protected":false},"excerpt":{"rendered":"<p>Eventwiese \u2013 ein zentraler Ort f\u00fcr unterschiedliche Anl\u00e4sse Der heute unwirtliche Bereich zwischen dem k\u00fcnftigen Schiffl\u00e4ndeplatz und der Wasserfassung wird zur Eventwiese. Hier k\u00f6nnen die Infrastrukturen f\u00fcr die verschiedene Anl\u00e4sse wie See\u00fcberquerung, Egli-Essen, Regatten, etc. platziert werden. In der meisten Zeit dient sie aber als Liege- und Spielwiese und entlastet so die Surferwiese. Eine Seeterrasse &hellip; <a href=\"https:\/\/schifflaende-niederuster.ch\/?page_id=26\" class=\"more-link\"><span class=\"screen-reader-text\">Eventwiese<\/span> weiterlesen<\/a><\/p>\n","protected":false},"author":2,"featured_media":59,"parent":0,"menu_order":0,"comment_status":"closed","ping_status":"closed","template":"","meta":[],"_links":{"self":[{"href":"https:\/\/schifflaende-niederuster.ch\/index.php?rest_route=\/wp\/v2\/pages\/26"}],"collection":[{"href":"https:\/\/schifflaende-niederuster.ch\/index.php?rest_route=\/wp\/v2\/pages"}],"about":[{"href":"https:\/\/schifflaende-niederuster.ch\/index.php?rest_route=\/wp\/v2\/types\/page"}],"author":[{"embeddable":true,"href":"https:\/\/schifflaende-niederuster.ch\/index.php?rest_route=\/wp\/v2\/users\/2"}],"replies":[{"embeddable":true,"href":"https:\/\/schifflaende-niederuster.ch\/index.php?rest_route=%2Fwp%2Fv2%2Fcomments&post=26"}],"version-history":[{"count":0,"href":"https:\/\/schifflaende-niederuster.ch\/index.php?rest_route=\/wp\/v2\/pages\/26\/revisions"}],"wp:featuredmedia":[{"embeddable":true,"href":"https:\/\/schifflaende-niederuster.ch\/index.php?rest_route=\/wp\/v2\/media\/59"}],"wp:attachment":[{"href":"https:\/\/schifflaende-niederuster.ch\/index.php?rest_route=%2Fwp%2Fv2%2Fmedia&parent=26"}],"curies":[{"name":"wp","href":"https:\/\/api.w.org\/{rel}","templated":true}]}}