{"id":24,"date":"2017-01-25T23:40:44","date_gmt":"2017-01-25T21:40:44","guid":{"rendered":"https:\/\/schifflaendeniederuster.wordpress.com\/?page_id=24"},"modified":"2017-01-25T23:40:44","modified_gmt":"2017-01-25T21:40:44","slug":"seerestaurant","status":"publish","type":"page","link":"https:\/\/schifflaende-niederuster.ch\/?page_id=24","title":{"rendered":"Seerestaurant"},"content":{"rendered":"<h3>Seerestaurant \u2013 eine Verpflegungsst\u00e4tte, welche den Namen Restaurant verdient<\/h3>\n<p>Durch die Positionierung eines Seerestaurants n\u00f6rdlich der Surferwiese wird der Seepark aufgespannt. Das Restaurant soll ca. 80 Innen- und 100 Aussenpl\u00e4tze anbieten und ganzj\u00e4hrig ge\u00f6ffnet sein. Es erg\u00e4nzt das Angebot des kleinen Kioskes beim Schiffl\u00e4ndeplatz. Ein Annexbau beinhaltet eine Aussenverpflegungsstation und sanit\u00e4re Anlagen f\u00fcr Restaurant und Liegewiese. Dank der Verschiebung des Uferwegs wird die Liegefl\u00e4che der Surferwiese beibehalten.<\/p>\n","protected":false},"excerpt":{"rendered":"<p>Seerestaurant \u2013 eine Verpflegungsst\u00e4tte, welche den Namen Restaurant verdient Durch die Positionierung eines Seerestaurants n\u00f6rdlich der Surferwiese wird der Seepark aufgespannt. Das Restaurant soll ca. 80 Innen- und 100 Aussenpl\u00e4tze anbieten und ganzj\u00e4hrig ge\u00f6ffnet sein. Es erg\u00e4nzt das Angebot des kleinen Kioskes beim Schiffl\u00e4ndeplatz. Ein Annexbau beinhaltet eine Aussenverpflegungsstation und sanit\u00e4re Anlagen f\u00fcr Restaurant und &hellip; <a href=\"https:\/\/schifflaende-niederuster.ch\/?page_id=24\" class=\"more-link\"><span class=\"screen-reader-text\">Seerestaurant<\/span> weiterlesen<\/a><\/p>\n","protected":false},"author":2,"featured_media":58,"parent":0,"menu_order":0,"comment_status":"closed","ping_status":"closed","template":"","meta":[],"_links":{"self":[{"href":"https:\/\/schifflaende-niederuster.ch\/index.php?rest_route=\/wp\/v2\/pages\/24"}],"collection":[{"href":"https:\/\/schifflaende-niederuster.ch\/index.php?rest_route=\/wp\/v2\/pages"}],"about":[{"href":"https:\/\/schifflaende-niederuster.ch\/index.php?rest_route=\/wp\/v2\/types\/page"}],"author":[{"embeddable":true,"href":"https:\/\/schifflaende-niederuster.ch\/index.php?rest_route=\/wp\/v2\/users\/2"}],"replies":[{"embeddable":true,"href":"https:\/\/schifflaende-niederuster.ch\/index.php?rest_route=%2Fwp%2Fv2%2Fcomments&post=24"}],"version-history":[{"count":0,"href":"https:\/\/schifflaende-niederuster.ch\/index.php?rest_route=\/wp\/v2\/pages\/24\/revisions"}],"wp:featuredmedia":[{"embeddable":true,"href":"https:\/\/schifflaende-niederuster.ch\/index.php?rest_route=\/wp\/v2\/media\/58"}],"wp:attachment":[{"href":"https:\/\/schifflaende-niederuster.ch\/index.php?rest_route=%2Fwp%2Fv2%2Fmedia&parent=24"}],"curies":[{"name":"wp","href":"https:\/\/api.w.org\/{rel}","templated":true}]}}