{"id":22,"date":"2017-01-25T23:39:46","date_gmt":"2017-01-25T21:39:46","guid":{"rendered":"https:\/\/schifflaendeniederuster.wordpress.com\/?page_id=22"},"modified":"2017-01-25T23:39:46","modified_gmt":"2017-01-25T21:39:46","slug":"strandbad","status":"publish","type":"page","link":"https:\/\/schifflaende-niederuster.ch\/?page_id=22","title":{"rendered":"Strandbad"},"content":{"rendered":"<h3>Strandbad \u2013 ein besserer Seezugang<\/h3>\n<p>Der Bau der Becken in den Sechzigerjahren war eine Reaktion auf die schlechte Wasserqualit\u00e4t des Greifensees. Heute macht das Baden im See wieder Spass. Dazu muss aber der Zugang zum Wasser verbessert werden. Ein Kiesstrand erm\u00f6glicht \u00fcber die ganze Breite der heutigen Befestigungsmauer einen angenehmen Einstieg und zus\u00e4tzliche Liegefl\u00e4chen direkt am Wasser. Zudem wird ein grosser Kinderspielplatz mit Wasserzugang ausgewiesen. Die beiden Schwimmbecken werden beibeihalten.<\/p>\n","protected":false},"excerpt":{"rendered":"<p>Strandbad \u2013 ein besserer Seezugang Der Bau der Becken in den Sechzigerjahren war eine Reaktion auf die schlechte Wasserqualit\u00e4t des Greifensees. Heute macht das Baden im See wieder Spass. Dazu muss aber der Zugang zum Wasser verbessert werden. Ein Kiesstrand erm\u00f6glicht \u00fcber die ganze Breite der heutigen Befestigungsmauer einen angenehmen Einstieg und zus\u00e4tzliche Liegefl\u00e4chen direkt &hellip; <a href=\"https:\/\/schifflaende-niederuster.ch\/?page_id=22\" class=\"more-link\"><span class=\"screen-reader-text\">Strandbad<\/span> weiterlesen<\/a><\/p>\n","protected":false},"author":2,"featured_media":57,"parent":0,"menu_order":0,"comment_status":"closed","ping_status":"closed","template":"","meta":[],"_links":{"self":[{"href":"https:\/\/schifflaende-niederuster.ch\/index.php?rest_route=\/wp\/v2\/pages\/22"}],"collection":[{"href":"https:\/\/schifflaende-niederuster.ch\/index.php?rest_route=\/wp\/v2\/pages"}],"about":[{"href":"https:\/\/schifflaende-niederuster.ch\/index.php?rest_route=\/wp\/v2\/types\/page"}],"author":[{"embeddable":true,"href":"https:\/\/schifflaende-niederuster.ch\/index.php?rest_route=\/wp\/v2\/users\/2"}],"replies":[{"embeddable":true,"href":"https:\/\/schifflaende-niederuster.ch\/index.php?rest_route=%2Fwp%2Fv2%2Fcomments&post=22"}],"version-history":[{"count":0,"href":"https:\/\/schifflaende-niederuster.ch\/index.php?rest_route=\/wp\/v2\/pages\/22\/revisions"}],"wp:featuredmedia":[{"embeddable":true,"href":"https:\/\/schifflaende-niederuster.ch\/index.php?rest_route=\/wp\/v2\/media\/57"}],"wp:attachment":[{"href":"https:\/\/schifflaende-niederuster.ch\/index.php?rest_route=%2Fwp%2Fv2%2Fmedia&parent=22"}],"curies":[{"name":"wp","href":"https:\/\/api.w.org\/{rel}","templated":true}]}}