{"id":16,"date":"2017-01-25T23:37:05","date_gmt":"2017-01-25T21:37:05","guid":{"rendered":"https:\/\/schifflaendeniederuster.wordpress.com\/?page_id=16"},"modified":"2017-01-25T23:37:05","modified_gmt":"2017-01-25T21:37:05","slug":"16-2","status":"publish","type":"page","link":"https:\/\/schifflaende-niederuster.ch\/?page_id=16","title":{"rendered":"Schiffl\u00e4ndeplatz"},"content":{"rendered":"<h3>Schiffl\u00e4ndeplatz \u2013 der Auftakt der Ustermer Uferanlage<\/h3>\n<p>Ein grossz\u00fcgiger Platz soll an der Stelle des heutigen Kiosks entstehen. Er ist Ankunftsort f\u00fcr die von allen vier Richtungen (Schiff, Seeweg und Uferweg) Kommenden und verbindet den neu durchg\u00e4ngigen Strandweg mit dem Uferweg. Auf dem Schiffl\u00e4ndi-Platz ist ein untergeordneter Infrastrukturbau mit Kiosk, Toiletten und einem Unterstand f\u00fcr die Schiff- und Buspassagiere vorgesehen.<\/p>\n","protected":false},"excerpt":{"rendered":"<p>Schiffl\u00e4ndeplatz \u2013 der Auftakt der Ustermer Uferanlage Ein grossz\u00fcgiger Platz soll an der Stelle des heutigen Kiosks entstehen. Er ist Ankunftsort f\u00fcr die von allen vier Richtungen (Schiff, Seeweg und Uferweg) Kommenden und verbindet den neu durchg\u00e4ngigen Strandweg mit dem Uferweg. Auf dem Schiffl\u00e4ndi-Platz ist ein untergeordneter Infrastrukturbau mit Kiosk, Toiletten und einem Unterstand f\u00fcr &hellip; <a href=\"https:\/\/schifflaende-niederuster.ch\/?page_id=16\" class=\"more-link\"><span class=\"screen-reader-text\">Schiffl\u00e4ndeplatz<\/span> weiterlesen<\/a><\/p>\n","protected":false},"author":2,"featured_media":55,"parent":0,"menu_order":0,"comment_status":"closed","ping_status":"closed","template":"","meta":[],"_links":{"self":[{"href":"https:\/\/schifflaende-niederuster.ch\/index.php?rest_route=\/wp\/v2\/pages\/16"}],"collection":[{"href":"https:\/\/schifflaende-niederuster.ch\/index.php?rest_route=\/wp\/v2\/pages"}],"about":[{"href":"https:\/\/schifflaende-niederuster.ch\/index.php?rest_route=\/wp\/v2\/types\/page"}],"author":[{"embeddable":true,"href":"https:\/\/schifflaende-niederuster.ch\/index.php?rest_route=\/wp\/v2\/users\/2"}],"replies":[{"embeddable":true,"href":"https:\/\/schifflaende-niederuster.ch\/index.php?rest_route=%2Fwp%2Fv2%2Fcomments&post=16"}],"version-history":[{"count":0,"href":"https:\/\/schifflaende-niederuster.ch\/index.php?rest_route=\/wp\/v2\/pages\/16\/revisions"}],"wp:featuredmedia":[{"embeddable":true,"href":"https:\/\/schifflaende-niederuster.ch\/index.php?rest_route=\/wp\/v2\/media\/55"}],"wp:attachment":[{"href":"https:\/\/schifflaende-niederuster.ch\/index.php?rest_route=%2Fwp%2Fv2%2Fmedia&parent=16"}],"curies":[{"name":"wp","href":"https:\/\/api.w.org\/{rel}","templated":true}]}}